{"id":6098,"date":"2017-01-10T14:03:28","date_gmt":"2017-01-10T13:03:28","guid":{"rendered":"https:\/\/plastic7a.com\/?page_id=6098\/"},"modified":"2025-12-26T13:42:48","modified_gmt":"2025-12-26T12:42:48","slug":"fei","status":"publish","type":"page","link":"https:\/\/plastic7a.com\/de\/technologien\/fei\/","title":{"rendered":"F&#038;E&#038;I"},"content":{"rendered":"<div class=\"wpb-content-wrapper\">[vc_row full_width=&#8220;stretch_row&#8220; equal_height=&#8220;yes&#8220; el_class=&#8220;dark-gray row-tecnologia&#8211;intro&#8220;][vc_column width=&#8220;1\/2&#8243; offset=&#8220;vc_col-md-8&#8243;]<div id=\"carousel-anything-1\" class=\"carousel-anything-container owl-carousel has-arrows\"\n\t\t\tdata-items=\"1\"\n\t\t\tdata-scroll_per_page=\"\"\n\t\t\tdata-autoplay=\"5000\"\n\t\t\tdata-items-small=\"1\"\n\t\t\tdata-items-tablet=\"1\"\n\t\t\tdata-items-mobile=\"1\"\n\t\t\tdata-stop-on-hover=\"\"\n\t\t\tdata-speed-scroll=\"800\"\n\t\t\tdata-speed-rewind=\"1000\"\n\t\t\tdata-thumbnails=\"arrows\"\n\t\t\tdata-thumbnail-numbers=\"\"\n\t\t\tdata-navigation=\"true\"\n\t\t\t>[vc_row_inner][vc_column_inner][vc_single_image image=&#8220;6040&#8243; img_size=&#8220;full&#8220; alignment=&#8220;center&#8220;][\/vc_column_inner][\/vc_row_inner][vc_row_inner][vc_column_inner][vc_single_image image=&#8220;6041&#8243; img_size=&#8220;full&#8220;][\/vc_column_inner][\/vc_row_inner][vc_row_inner][vc_column_inner][vc_single_image image=&#8220;6042&#8243; img_size=&#8220;full&#8220;][\/vc_column_inner][\/vc_row_inner][vc_row_inner][vc_column_inner][vc_single_image image=&#8220;6043&#8243; img_size=&#8220;full&#8220;][\/vc_column_inner][\/vc_row_inner]<\/div>[\/vc_column][vc_column width=&#8220;1\/2&#8243; offset=&#8220;vc_col-md-4&#8243;]\n\t\t<div class=\"text-heading  left wpb_animate_when_almost_visible wpb_appear\" >\n\t\t\t<h2 class=\"text-heading--titulo normal\" >\n\t\t\t\tF&amp;E&amp;I\n\t\t\t<\/h2>\n\t\t\t\t\t<div class=\"text-heading--subtitulo\" >\n\t\t\t\t\t\tEngagement f\u00fcr Exzellenz\n\t\t\t\t\t<\/div><hr\/><\/div>[vc_column_text css_animation=&#8220;zoomIn&#8220; css=&#8220;&#8220;]Ingenieurwesen, Entwicklung und Innovation stehen bei uns im Mittelpunkt \u2013 sie sind der treibende Faktor hinter jedem technologischen Fortschritt.<\/p>\n<p>Die Automobilbranche ist weltweit ein Vorreiter der industriellen Entwicklung. Aus dieser starken Position heraus \u00fcbernehmen wir die Verantwortung, kontinuierlich zu innovieren und L\u00f6sungen zu schaffen, die nicht nur unsere Branche voranbringen, sondern auch auf andere Sektoren \u00fcbertragbar sind.<\/p>\n<p>Unser Ziel ist klar: durch technologische Exzellenz einen nachhaltigen Beitrag zum gesellschaftlichen Fortschritt leisten.[\/vc_column_text][\/vc_column][\/vc_row][vc_row full_width=&#8220;stretch_row_content&#8220;][vc_column]<div class=\"templatera_shortcode\"><div data-vc-full-width=\"true\" data-vc-full-width-temp=\"true\" data-vc-full-width-init=\"false\" data-vc-stretch-content=\"true\" class=\"vc_row wpb_row vc_row-fluid row-tecnologias dark dark-primary\"><div class=\"wpb_column vc_column_container vc_col-sm-6 vc_col-md-3 vc_col-xs-12\"><div class=\"vc_column-inner\"><div class=\"wpb_wrapper\"><div class=\"service-box--content \">\n\t\t\t\t<div class=\"service-box--image\">\n\t\t\t\t<a href=\"https:\/\/plastic7a.com\/de\/technologien\/fei\/\">\n\t\t\t\t\t<div class=\"service-box--overlay\"><\/div>\n\t\t\t\t\t<img loading=\"lazy\" decoding=\"async\" width=\"550\" height=\"391\" src=\"https:\/\/plastic7a.com\/wp-content\/uploads\/2016\/12\/plastic7a-tecnologias-IDI.jpg\" class=\"attachment-full size-full\" alt=\"\" \/><\/a><\/div>\n\t\t\t\t<div class=\"service-box--title-wrapper\"><h2 class=\"service-box--title fs-lg\">F+E+I<\/h2><\/div>\n\t\t\t\t<div class=\"service-box--link\"><a href=\"https:\/\/plastic7a.com\/de\/technologien\/fei\/\" target=\"\" title=\"F+E+I\">M\u00e1s informaci\u00f3n<\/a><\/div>\n\t\t\t<\/div><\/div><\/div><\/div><div class=\"wpb_column vc_column_container vc_col-sm-6 vc_col-md-3 vc_col-xs-12\"><div class=\"vc_column-inner\"><div class=\"wpb_wrapper\"><div class=\"service-box--content \">\n\t\t\t\t<div class=\"service-box--image\">\n\t\t\t\t<a href=\"https:\/\/plastic7a.com\/de\/technologien\/einspritzung\/\">\n\t\t\t\t\t<div class=\"service-box--overlay\"><\/div>\n\t\t\t\t\t<img loading=\"lazy\" decoding=\"async\" width=\"550\" height=\"391\" src=\"https:\/\/plastic7a.com\/wp-content\/uploads\/2016\/12\/plastic7a-tecnologias-inyeccion.jpg\" class=\"attachment-full size-full\" alt=\"\" \/><\/a><\/div>\n\t\t\t\t<div class=\"service-box--title-wrapper\"><h2 class=\"service-box--title fs-lg\">EINSPRITZUNG<\/h2><\/div>\n\t\t\t\t<div class=\"service-box--link\"><a href=\"https:\/\/plastic7a.com\/de\/technologien\/einspritzung\/\" target=\"\" title=\"EINSPRITZUNG\">M\u00e1s informaci\u00f3n<\/a><\/div>\n\t\t\t<\/div><\/div><\/div><\/div><div class=\"wpb_column vc_column_container vc_col-sm-6 vc_col-md-3 vc_col-xs-12\"><div class=\"vc_column-inner\"><div class=\"wpb_wrapper\"><div class=\"service-box--content \">\n\t\t\t\t<div class=\"service-box--image\">\n\t\t\t\t<a href=\"https:\/\/plastic7a.com\/de\/technologien\/lackierung\/\">\n\t\t\t\t\t<div class=\"service-box--overlay\"><\/div>\n\t\t\t\t\t<img loading=\"lazy\" decoding=\"async\" width=\"550\" height=\"391\" src=\"https:\/\/plastic7a.com\/wp-content\/uploads\/2016\/12\/plastic7a-tecnologias-pintura.jpg\" class=\"attachment-full size-full\" alt=\"\" \/><\/a><\/div>\n\t\t\t\t<div class=\"service-box--title-wrapper\"><h2 class=\"service-box--title fs-lg\">LACKIERUNG<\/h2><\/div>\n\t\t\t\t<div class=\"service-box--link\"><a href=\"https:\/\/plastic7a.com\/de\/technologien\/lackierung\/\" target=\"\" title=\"LACKIERUNG\">M\u00e1s informaci\u00f3n<\/a><\/div>\n\t\t\t<\/div><\/div><\/div><\/div><div class=\"wpb_column vc_column_container vc_col-sm-6 vc_col-md-3 vc_col-xs-12\"><div class=\"vc_column-inner\"><div class=\"wpb_wrapper\"><div class=\"service-box--content \">\n\t\t\t\t<div class=\"service-box--image\">\n\t\t\t\t<a href=\"https:\/\/plastic7a.com\/de\/technologien\/montagen\/\">\n\t\t\t\t\t<div class=\"service-box--overlay\"><\/div>\n\t\t\t\t\t<img loading=\"lazy\" decoding=\"async\" width=\"550\" height=\"391\" src=\"https:\/\/plastic7a.com\/wp-content\/uploads\/2016\/12\/plastic7a-tecnologias-montajes.jpg\" class=\"attachment-full size-full\" alt=\"\" \/><\/a><\/div>\n\t\t\t\t<div class=\"service-box--title-wrapper\"><h2 class=\"service-box--title fs-lg\">MONTAGEN<\/h2><\/div>\n\t\t\t\t<div class=\"service-box--link\"><a href=\"https:\/\/plastic7a.com\/de\/technologien\/montagen\/\" target=\"\" title=\"MONTAGEN\">M\u00e1s informaci\u00f3n<\/a><\/div>\n\t\t\t<\/div><\/div><\/div><\/div><\/div><div class=\"vc_row-full-width vc_clearfix\"><\/div><\/div>[\/vc_column][\/vc_row][vc_row full_width=&#8220;stretch_row_content_no_spaces&#8220; parallax=&#8220;content-moving&#8220; parallax_image=&#8220;5596&#8243; el_class=&#8220;row-parallax-footer row-parallax-tecnologia&#8220;][vc_column][\/vc_column][\/vc_row][vc_row][vc_column]<div class=\"templatera_shortcode\"><div class=\"vc_row wpb_row vc_row-fluid row-marcas margin-top-2x margin-bottom-2x\"><div class=\"wpb_column vc_column_container vc_col-sm-12\"><div class=\"vc_column-inner\"><div class=\"wpb_wrapper\"><div id=\"carousel-anything-2\" class=\"carousel-anything-container owl-carousel has-arrows\"\n\t\t\tdata-items=\"6\"\n\t\t\tdata-scroll_per_page=\"\"\n\t\t\tdata-autoplay=\"5000\"\n\t\t\tdata-items-small=\"3\"\n\t\t\tdata-items-tablet=\"2\"\n\t\t\tdata-items-mobile=\"1\"\n\t\t\tdata-stop-on-hover=\"\"\n\t\t\tdata-speed-scroll=\"800\"\n\t\t\tdata-speed-rewind=\"1000\"\n\t\t\tdata-thumbnails=\"arrows\"\n\t\t\tdata-thumbnail-numbers=\"\"\n\t\t\tdata-navigation=\"true\"\n\t\t\t><div class=\"vc_row wpb_row vc_inner vc_row-fluid\"><div class=\"wpb_column vc_column_container vc_col-sm-12\"><div class=\"vc_column-inner\"><div class=\"wpb_wrapper\">\n\t<div  class=\"wpb_single_image wpb_content_element vc_align_center wpb_content_element\">\n\t\t\n\t\t<figure class=\"wpb_wrapper vc_figure\">\n\t\t\t<div class=\"vc_single_image-wrapper   vc_box_border_grey\"><img loading=\"lazy\" decoding=\"async\" width=\"300\" height=\"300\" src=\"https:\/\/plastic7a.com\/wp-content\/uploads\/2016\/11\/plastic7a-logotipo-volkswagen.png\" class=\"vc_single_image-img attachment-full\" alt=\"\" title=\"plastic7a-logotipo-volkswagen\" \/><\/div>\n\t\t<\/figure>\n\t<\/div>\n<\/div><\/div><\/div><\/div><div class=\"vc_row wpb_row vc_inner vc_row-fluid\"><div class=\"wpb_column vc_column_container vc_col-sm-12\"><div class=\"vc_column-inner\"><div class=\"wpb_wrapper\">\n\t<div  class=\"wpb_single_image wpb_content_element vc_align_center wpb_content_element\">\n\t\t\n\t\t<figure class=\"wpb_wrapper vc_figure\">\n\t\t\t<div class=\"vc_single_image-wrapper   vc_box_border_grey\"><img loading=\"lazy\" decoding=\"async\" width=\"300\" height=\"300\" src=\"https:\/\/plastic7a.com\/wp-content\/uploads\/2016\/11\/plastic7a-logotipo-audi.png\" class=\"vc_single_image-img attachment-full\" alt=\"\" title=\"plastic7a-logotipo-audi\" \/><\/div>\n\t\t<\/figure>\n\t<\/div>\n<\/div><\/div><\/div><\/div><div class=\"vc_row wpb_row vc_inner vc_row-fluid\"><div class=\"wpb_column vc_column_container vc_col-sm-12\"><div class=\"vc_column-inner\"><div class=\"wpb_wrapper\">\n\t<div  class=\"wpb_single_image wpb_content_element vc_align_center wpb_content_element\">\n\t\t\n\t\t<figure class=\"wpb_wrapper vc_figure\">\n\t\t\t<div class=\"vc_single_image-wrapper   vc_box_border_grey\"><img loading=\"lazy\" decoding=\"async\" width=\"300\" height=\"300\" src=\"https:\/\/plastic7a.com\/wp-content\/uploads\/2016\/11\/plastic7a-logotipo-opel.png\" class=\"vc_single_image-img attachment-full\" alt=\"\" title=\"plastic7a-logotipo-opel\" \/><\/div>\n\t\t<\/figure>\n\t<\/div>\n<\/div><\/div><\/div><\/div><div class=\"vc_row wpb_row vc_inner vc_row-fluid\"><div class=\"wpb_column vc_column_container vc_col-sm-12\"><div class=\"vc_column-inner\"><div class=\"wpb_wrapper\">\n\t<div  class=\"wpb_single_image wpb_content_element vc_align_center wpb_content_element\">\n\t\t\n\t\t<figure class=\"wpb_wrapper vc_figure\">\n\t\t\t<div class=\"vc_single_image-wrapper   vc_box_border_grey\"><img loading=\"lazy\" decoding=\"async\" width=\"300\" height=\"300\" src=\"https:\/\/plastic7a.com\/wp-content\/uploads\/2016\/11\/plastic7a-logotipo-peugeot.png\" class=\"vc_single_image-img attachment-full\" alt=\"\" title=\"plastic7a-logotipo-peugeot\" \/><\/div>\n\t\t<\/figure>\n\t<\/div>\n<\/div><\/div><\/div><\/div><div class=\"vc_row wpb_row vc_inner vc_row-fluid\"><div class=\"wpb_column vc_column_container vc_col-sm-12\"><div class=\"vc_column-inner\"><div class=\"wpb_wrapper\">\n\t<div  class=\"wpb_single_image wpb_content_element vc_align_center wpb_content_element\">\n\t\t\n\t\t<figure class=\"wpb_wrapper vc_figure\">\n\t\t\t<div class=\"vc_single_image-wrapper   vc_box_border_grey\"><img loading=\"lazy\" decoding=\"async\" width=\"300\" height=\"300\" src=\"https:\/\/plastic7a.com\/wp-content\/uploads\/2016\/11\/plastic7a-logotipo-seat.png\" class=\"vc_single_image-img attachment-full\" alt=\"\" title=\"plastic7a-logotipo-seat\" \/><\/div>\n\t\t<\/figure>\n\t<\/div>\n<\/div><\/div><\/div><\/div><div class=\"vc_row wpb_row vc_inner vc_row-fluid\"><div class=\"wpb_column vc_column_container vc_col-sm-12\"><div class=\"vc_column-inner\"><div class=\"wpb_wrapper\">\n\t<div  class=\"wpb_single_image wpb_content_element vc_align_center wpb_content_element\">\n\t\t\n\t\t<figure class=\"wpb_wrapper vc_figure\">\n\t\t\t<div class=\"vc_single_image-wrapper   vc_box_border_grey\"><img loading=\"lazy\" decoding=\"async\" width=\"300\" height=\"300\" src=\"https:\/\/plastic7a.com\/wp-content\/uploads\/2016\/11\/plastic7a-logotipo-for.png\" class=\"vc_single_image-img attachment-full\" alt=\"\" title=\"plastic7a-logotipo-for\" \/><\/div>\n\t\t<\/figure>\n\t<\/div>\n<\/div><\/div><\/div><\/div><div class=\"vc_row wpb_row vc_inner vc_row-fluid\"><div class=\"wpb_column vc_column_container vc_col-sm-12\"><div class=\"vc_column-inner\"><div class=\"wpb_wrapper\">\n\t<div  class=\"wpb_single_image wpb_content_element vc_align_center wpb_content_element\">\n\t\t\n\t\t<figure class=\"wpb_wrapper vc_figure\">\n\t\t\t<div class=\"vc_single_image-wrapper   vc_box_border_grey\"><img loading=\"lazy\" decoding=\"async\" width=\"300\" height=\"300\" src=\"https:\/\/plastic7a.com\/wp-content\/uploads\/2016\/11\/plastic7a-logotipo-bentley.png\" class=\"vc_single_image-img attachment-full\" alt=\"\" title=\"plastic7a-logotipo-bentley\" \/><\/div>\n\t\t<\/figure>\n\t<\/div>\n<\/div><\/div><\/div><\/div><div class=\"vc_row wpb_row vc_inner vc_row-fluid\"><div class=\"wpb_column vc_column_container vc_col-sm-12\"><div class=\"vc_column-inner\"><div class=\"wpb_wrapper\">\n\t<div  class=\"wpb_single_image wpb_content_element vc_align_center wpb_content_element\">\n\t\t\n\t\t<figure class=\"wpb_wrapper vc_figure\">\n\t\t\t<div class=\"vc_single_image-wrapper   vc_box_border_grey\"><img loading=\"lazy\" decoding=\"async\" width=\"300\" height=\"300\" src=\"https:\/\/plastic7a.com\/wp-content\/uploads\/2016\/11\/plastic7a-logotipo-skoda.png\" class=\"vc_single_image-img attachment-full\" alt=\"\" title=\"plastic7a-logotipo-skoda\" \/><\/div>\n\t\t<\/figure>\n\t<\/div>\n<\/div><\/div><\/div><\/div><div class=\"vc_row wpb_row vc_inner vc_row-fluid\"><div class=\"wpb_column vc_column_container vc_col-sm-12\"><div class=\"vc_column-inner\"><div class=\"wpb_wrapper\">\n\t<div  class=\"wpb_single_image wpb_content_element vc_align_center wpb_content_element\">\n\t\t\n\t\t<figure class=\"wpb_wrapper vc_figure\">\n\t\t\t<div class=\"vc_single_image-wrapper   vc_box_border_grey\"><img loading=\"lazy\" decoding=\"async\" width=\"300\" height=\"300\" src=\"https:\/\/plastic7a.com\/wp-content\/uploads\/2016\/11\/plastic7a-logotipo-lamborguini.png\" class=\"vc_single_image-img attachment-full\" alt=\"\" title=\"plastic7a-logotipo-lamborguini\" \/><\/div>\n\t\t<\/figure>\n\t<\/div>\n<\/div><\/div><\/div><\/div><div class=\"vc_row wpb_row vc_inner vc_row-fluid\"><div class=\"wpb_column vc_column_container vc_col-sm-12\"><div class=\"vc_column-inner\"><div class=\"wpb_wrapper\">\n\t<div  class=\"wpb_single_image wpb_content_element vc_align_center wpb_content_element\">\n\t\t\n\t\t<figure class=\"wpb_wrapper vc_figure\">\n\t\t\t<div class=\"vc_single_image-wrapper   vc_box_border_grey\"><img loading=\"lazy\" decoding=\"async\" width=\"300\" height=\"300\" src=\"https:\/\/plastic7a.com\/wp-content\/uploads\/2016\/11\/plastic7a-logotipo-porsche.png\" class=\"vc_single_image-img attachment-full\" alt=\"\" title=\"plastic7a-logotipo-porsche\" \/><\/div>\n\t\t<\/figure>\n\t<\/div>\n<\/div><\/div><\/div><\/div><div class=\"vc_row wpb_row vc_inner vc_row-fluid\"><div class=\"wpb_column vc_column_container vc_col-sm-12\"><div class=\"vc_column-inner\"><div class=\"wpb_wrapper\">\n\t<div  class=\"wpb_single_image wpb_content_element vc_align_center wpb_content_element\">\n\t\t\n\t\t<figure class=\"wpb_wrapper vc_figure\">\n\t\t\t<div class=\"vc_single_image-wrapper   vc_box_border_grey\"><img loading=\"lazy\" decoding=\"async\" width=\"300\" height=\"300\" src=\"https:\/\/plastic7a.com\/wp-content\/uploads\/2016\/11\/plastic7a-logotipo-plastic-omnium.png\" class=\"vc_single_image-img attachment-full\" alt=\"\" title=\"plastic7a-logotipo-plastic-omnium\" \/><\/div>\n\t\t<\/figure>\n\t<\/div>\n<\/div><\/div><\/div><\/div><div class=\"vc_row wpb_row vc_inner vc_row-fluid\"><div class=\"wpb_column vc_column_container vc_col-sm-12\"><div class=\"vc_column-inner\"><div class=\"wpb_wrapper\">\n\t<div  class=\"wpb_single_image wpb_content_element vc_align_center wpb_content_element\">\n\t\t\n\t\t<figure class=\"wpb_wrapper vc_figure\">\n\t\t\t<div class=\"vc_single_image-wrapper   vc_box_border_grey\"><img loading=\"lazy\" decoding=\"async\" width=\"300\" height=\"300\" src=\"https:\/\/plastic7a.com\/wp-content\/uploads\/2016\/11\/plastic7a-logotipo-magna.png\" class=\"vc_single_image-img attachment-full\" alt=\"\" title=\"plastic7a-logotipo-magna\" \/><\/div>\n\t\t<\/figure>\n\t<\/div>\n<\/div><\/div><\/div><\/div><div class=\"vc_row wpb_row vc_inner vc_row-fluid\"><div class=\"wpb_column vc_column_container vc_col-sm-12\"><div class=\"vc_column-inner\"><div class=\"wpb_wrapper\">\n\t<div  class=\"wpb_single_image wpb_content_element vc_align_center wpb_content_element\">\n\t\t\n\t\t<figure class=\"wpb_wrapper vc_figure\">\n\t\t\t<div class=\"vc_single_image-wrapper   vc_box_border_grey\"><img loading=\"lazy\" decoding=\"async\" width=\"300\" height=\"300\" src=\"https:\/\/plastic7a.com\/wp-content\/uploads\/2016\/11\/plastic7a-logotipo-valeo.png\" class=\"vc_single_image-img attachment-full\" alt=\"\" title=\"plastic7a-logotipo-valeo\" \/><\/div>\n\t\t<\/figure>\n\t<\/div>\n<\/div><\/div><\/div><\/div><div class=\"vc_row wpb_row vc_inner vc_row-fluid\"><div class=\"wpb_column vc_column_container vc_col-sm-12\"><div class=\"vc_column-inner\"><div class=\"wpb_wrapper\">\n\t<div  class=\"wpb_single_image wpb_content_element vc_align_center wpb_content_element\">\n\t\t\n\t\t<figure class=\"wpb_wrapper vc_figure\">\n\t\t\t<div class=\"vc_single_image-wrapper   vc_box_border_grey\"><img loading=\"lazy\" decoding=\"async\" width=\"300\" height=\"300\" src=\"https:\/\/plastic7a.com\/wp-content\/uploads\/2016\/11\/plastic7a-logotipo-smr.png\" class=\"vc_single_image-img attachment-full\" alt=\"\" title=\"plastic7a-logotipo-smr\" \/><\/div>\n\t\t<\/figure>\n\t<\/div>\n<\/div><\/div><\/div><\/div><div class=\"vc_row wpb_row vc_inner vc_row-fluid\"><div class=\"wpb_column vc_column_container vc_col-sm-12\"><div class=\"vc_column-inner\"><div class=\"wpb_wrapper\">\n\t<div  class=\"wpb_single_image wpb_content_element vc_align_center wpb_content_element\">\n\t\t\n\t\t<figure class=\"wpb_wrapper vc_figure\">\n\t\t\t<div class=\"vc_single_image-wrapper   vc_box_border_grey\"><img loading=\"lazy\" decoding=\"async\" width=\"300\" height=\"300\" src=\"https:\/\/plastic7a.com\/wp-content\/uploads\/2016\/11\/plastic7a-logotipo-smp.png\" class=\"vc_single_image-img attachment-full\" alt=\"\" title=\"plastic7a-logotipo-smp\" \/><\/div>\n\t\t<\/figure>\n\t<\/div>\n<\/div><\/div><\/div><\/div><\/div><\/div><\/div><\/div><\/div><\/div>[\/vc_column][\/vc_row]\n<\/div>","protected":false},"excerpt":{"rendered":"F&amp;E&amp;I Engagement f\u00fcr Exzellenz Ingenieurwesen, Entwicklung und Innovation stehen bei uns im Mittelpunkt \u2013 sie sind der treibende Faktor hinter jedem technologischen Fortschritt. Die Automobilbranche ist weltweit ein Vorreiter der industriellen Entwicklung. Aus dieser starken Position heraus \u00fcbernehmen wir die Verantwortung, kontinuierlich zu innovieren und L\u00f6sungen zu schaffen, die nicht nur unsere Branche voranbringen, sondern [...]","protected":false},"author":2,"featured_media":0,"parent":6095,"menu_order":1,"comment_status":"closed","ping_status":"closed","template":"","meta":{"footnotes":""},"class_list":["post-6098","page","type-page","status-publish","hentry"],"yoast_head":"<!-- This site is optimized with the Yoast SEO plugin v27.4 - https:\/\/yoast.com\/product\/yoast-seo-wordpress\/ -->\n<title>F&amp;E&amp;I | Plastic 7A<\/title>\n<meta name=\"robots\" content=\"index, follow, max-snippet:-1, max-image-preview:large, max-video-preview:-1\" \/>\n<link rel=\"canonical\" href=\"https:\/\/plastic7a.com\/de\/technologien\/fei\/\" \/>\n<meta property=\"og:locale\" content=\"de_DE\" \/>\n<meta property=\"og:type\" content=\"article\" \/>\n<meta property=\"og:title\" content=\"F&amp;E&amp;I | Plastic 7A\" \/>\n<meta property=\"og:url\" content=\"https:\/\/plastic7a.com\/de\/technologien\/fei\/\" \/>\n<meta property=\"og:site_name\" content=\"Plastic 7A\" \/>\n<meta property=\"article:modified_time\" content=\"2025-12-26T12:42:48+00:00\" \/>\n<meta name=\"twitter:card\" content=\"summary_large_image\" \/>\n<meta name=\"twitter:label1\" content=\"Gesch\u00e4tzte Lesezeit\" \/>\n\t<meta name=\"twitter:data1\" content=\"2\u00a0Minuten\" \/>\n<script type=\"application\/ld+json\" class=\"yoast-schema-graph\">{\"@context\":\"https:\\\/\\\/schema.org\",\"@graph\":[{\"@type\":\"WebPage\",\"@id\":\"https:\\\/\\\/plastic7a.com\\\/de\\\/technologien\\\/fei\\\/\",\"url\":\"https:\\\/\\\/plastic7a.com\\\/de\\\/technologien\\\/fei\\\/\",\"name\":\"F&E&I | Plastic 7A\",\"isPartOf\":{\"@id\":\"https:\\\/\\\/plastic7a.com\\\/#website\"},\"datePublished\":\"2017-01-10T13:03:28+00:00\",\"dateModified\":\"2025-12-26T12:42:48+00:00\",\"breadcrumb\":{\"@id\":\"https:\\\/\\\/plastic7a.com\\\/de\\\/technologien\\\/fei\\\/#breadcrumb\"},\"inLanguage\":\"de\",\"potentialAction\":[{\"@type\":\"ReadAction\",\"target\":[\"https:\\\/\\\/plastic7a.com\\\/de\\\/technologien\\\/fei\\\/\"]}]},{\"@type\":\"BreadcrumbList\",\"@id\":\"https:\\\/\\\/plastic7a.com\\\/de\\\/technologien\\\/fei\\\/#breadcrumb\",\"itemListElement\":[{\"@type\":\"ListItem\",\"position\":1,\"name\":\"Portada\",\"item\":\"https:\\\/\\\/plastic7a.com\\\/de\\\/\"},{\"@type\":\"ListItem\",\"position\":2,\"name\":\"TECHNOLOGIEN\",\"item\":\"https:\\\/\\\/plastic7a.com\\\/de\\\/technologien\\\/\"},{\"@type\":\"ListItem\",\"position\":3,\"name\":\"F&#038;E&#038;I\"}]},{\"@type\":\"WebSite\",\"@id\":\"https:\\\/\\\/plastic7a.com\\\/#website\",\"url\":\"https:\\\/\\\/plastic7a.com\\\/\",\"name\":\"Plastic 7A\",\"description\":\"\",\"publisher\":{\"@id\":\"https:\\\/\\\/plastic7a.com\\\/#organization\"},\"potentialAction\":[{\"@type\":\"SearchAction\",\"target\":{\"@type\":\"EntryPoint\",\"urlTemplate\":\"https:\\\/\\\/plastic7a.com\\\/?s={search_term_string}\"},\"query-input\":{\"@type\":\"PropertyValueSpecification\",\"valueRequired\":true,\"valueName\":\"search_term_string\"}}],\"inLanguage\":\"de\"},{\"@type\":\"Organization\",\"@id\":\"https:\\\/\\\/plastic7a.com\\\/#organization\",\"name\":\"Plastic 7A - Industria automotriz\",\"url\":\"https:\\\/\\\/plastic7a.com\\\/\",\"logo\":{\"@type\":\"ImageObject\",\"inLanguage\":\"de\",\"@id\":\"https:\\\/\\\/plastic7a.com\\\/#\\\/schema\\\/logo\\\/image\\\/\",\"url\":\"https:\\\/\\\/plastic7a.com\\\/wp-content\\\/uploads\\\/2017\\\/01\\\/facebookshare.jpg\",\"contentUrl\":\"https:\\\/\\\/plastic7a.com\\\/wp-content\\\/uploads\\\/2017\\\/01\\\/facebookshare.jpg\",\"width\":1200,\"height\":628,\"caption\":\"Plastic 7A - Industria automotriz\"},\"image\":{\"@id\":\"https:\\\/\\\/plastic7a.com\\\/#\\\/schema\\\/logo\\\/image\\\/\"}}]}<\/script>\n<!-- \/ Yoast SEO plugin. -->","yoast_head_json":{"title":"F&E&I | Plastic 7A","robots":{"index":"index","follow":"follow","max-snippet":"max-snippet:-1","max-image-preview":"max-image-preview:large","max-video-preview":"max-video-preview:-1"},"canonical":"https:\/\/plastic7a.com\/de\/technologien\/fei\/","og_locale":"de_DE","og_type":"article","og_title":"F&E&I | Plastic 7A","og_url":"https:\/\/plastic7a.com\/de\/technologien\/fei\/","og_site_name":"Plastic 7A","article_modified_time":"2025-12-26T12:42:48+00:00","twitter_card":"summary_large_image","twitter_misc":{"Gesch\u00e4tzte Lesezeit":"2\u00a0Minuten"},"schema":{"@context":"https:\/\/schema.org","@graph":[{"@type":"WebPage","@id":"https:\/\/plastic7a.com\/de\/technologien\/fei\/","url":"https:\/\/plastic7a.com\/de\/technologien\/fei\/","name":"F&E&I | Plastic 7A","isPartOf":{"@id":"https:\/\/plastic7a.com\/#website"},"datePublished":"2017-01-10T13:03:28+00:00","dateModified":"2025-12-26T12:42:48+00:00","breadcrumb":{"@id":"https:\/\/plastic7a.com\/de\/technologien\/fei\/#breadcrumb"},"inLanguage":"de","potentialAction":[{"@type":"ReadAction","target":["https:\/\/plastic7a.com\/de\/technologien\/fei\/"]}]},{"@type":"BreadcrumbList","@id":"https:\/\/plastic7a.com\/de\/technologien\/fei\/#breadcrumb","itemListElement":[{"@type":"ListItem","position":1,"name":"Portada","item":"https:\/\/plastic7a.com\/de\/"},{"@type":"ListItem","position":2,"name":"TECHNOLOGIEN","item":"https:\/\/plastic7a.com\/de\/technologien\/"},{"@type":"ListItem","position":3,"name":"F&#038;E&#038;I"}]},{"@type":"WebSite","@id":"https:\/\/plastic7a.com\/#website","url":"https:\/\/plastic7a.com\/","name":"Plastic 7A","description":"","publisher":{"@id":"https:\/\/plastic7a.com\/#organization"},"potentialAction":[{"@type":"SearchAction","target":{"@type":"EntryPoint","urlTemplate":"https:\/\/plastic7a.com\/?s={search_term_string}"},"query-input":{"@type":"PropertyValueSpecification","valueRequired":true,"valueName":"search_term_string"}}],"inLanguage":"de"},{"@type":"Organization","@id":"https:\/\/plastic7a.com\/#organization","name":"Plastic 7A - Industria automotriz","url":"https:\/\/plastic7a.com\/","logo":{"@type":"ImageObject","inLanguage":"de","@id":"https:\/\/plastic7a.com\/#\/schema\/logo\/image\/","url":"https:\/\/plastic7a.com\/wp-content\/uploads\/2017\/01\/facebookshare.jpg","contentUrl":"https:\/\/plastic7a.com\/wp-content\/uploads\/2017\/01\/facebookshare.jpg","width":1200,"height":628,"caption":"Plastic 7A - Industria automotriz"},"image":{"@id":"https:\/\/plastic7a.com\/#\/schema\/logo\/image\/"}}]}},"_links":{"self":[{"href":"https:\/\/plastic7a.com\/de\/wp-json\/wp\/v2\/pages\/6098","targetHints":{"allow":["GET"]}}],"collection":[{"href":"https:\/\/plastic7a.com\/de\/wp-json\/wp\/v2\/pages"}],"about":[{"href":"https:\/\/plastic7a.com\/de\/wp-json\/wp\/v2\/types\/page"}],"author":[{"embeddable":true,"href":"https:\/\/plastic7a.com\/de\/wp-json\/wp\/v2\/users\/2"}],"replies":[{"embeddable":true,"href":"https:\/\/plastic7a.com\/de\/wp-json\/wp\/v2\/comments?post=6098"}],"version-history":[{"count":4,"href":"https:\/\/plastic7a.com\/de\/wp-json\/wp\/v2\/pages\/6098\/revisions"}],"predecessor-version":[{"id":6910,"href":"https:\/\/plastic7a.com\/de\/wp-json\/wp\/v2\/pages\/6098\/revisions\/6910"}],"up":[{"embeddable":true,"href":"https:\/\/plastic7a.com\/de\/wp-json\/wp\/v2\/pages\/6095"}],"wp:attachment":[{"href":"https:\/\/plastic7a.com\/de\/wp-json\/wp\/v2\/media?parent=6098"}],"curies":[{"name":"wp","href":"https:\/\/api.w.org\/{rel}","templated":true}]}}