{"id":5968,"date":"2017-01-10T12:55:12","date_gmt":"2017-01-10T11:55:12","guid":{"rendered":"https:\/\/plastic7a.com\/?page_id=5968\/"},"modified":"2026-01-15T15:09:33","modified_gmt":"2026-01-15T14:09:33","slug":"unternehmen","status":"publish","type":"page","link":"https:\/\/plastic7a.com\/de\/unternehmen\/","title":{"rendered":"UNTERNEHMEN"},"content":{"rendered":"<div class=\"wpb-content-wrapper\">[vc_row full_width=&#8220;stretch_row_content_no_spaces&#8220; equal_height=&#8220;yes&#8220;][vc_column width=&#8220;1\/2&#8243; el_class=&#8220;half-box-info left alignright&#8220;]\n\t\t<div class=\"text-heading  left wpb_animate_when_almost_visible wpb_appear\" >\n\t\t\t<h2 class=\"text-heading--titulo normal\" >\n\t\t\t\tWIR \u00dcBER UNS\n\t\t\t<\/h2>\n\t\t\t\t\t<div class=\"text-heading--subtitulo\" >\n\t\t\t\t\t\tDas ist unsere Geschichte\n\t\t\t\t\t<\/div><hr\/><\/div>[vc_column_text css_animation=&#8220;zoomIn&#8220; css=&#8220;&#8220;]Plastic 7-A wurde im Jahr 1989 gegr\u00fcndet. Unsere erste T\u00e4tigkeit war die Herstellung von Komponenten f\u00fcr Haushaltsger\u00e4te mittels Spritzgussverfahren. Mit der Zeit und viel harter Arbeit wurden wir zu einem Tier-1-Lieferanten f\u00fcr die Automobilindustrie. Heute betreiben wir vier Produktionsst\u00e4tten in Valencia, besch\u00e4ftigen 400 Mitarbeiter und erzielen einen Jahresumsatz von 50 Millionen Euro.[\/vc_column_text][\/vc_column][vc_column width=&#8220;1\/2&#8243; css=&#8220;.vc_custom_1481817646454{background-image: url(https:\/\/plastic7a.com\/wp-content\/uploads\/2016\/11\/plastic7-grupo-sobre-nosotros.jpg?id=5674) !important;background-position: center !important;background-repeat: no-repeat !important;background-size: cover !important;}&#8220;][vc_empty_space height=&#8220;250px&#8220; el_class=&#8220;hidden-sm hidden-md hidden-lg&#8220;][\/vc_column][\/vc_row][vc_row full_width=&#8220;stretch_row&#8220; el_class=&#8220;dark dark-primary padding-top-2x&#8220;][vc_column][\/vc_column][\/vc_row][vc_row full_width=&#8220;stretch_row_content_no_spaces&#8220; video_bg=&#8220;yes&#8220; video_bg_url=&#8220;https:\/\/www.youtube.com\/watch?v=IK5NR7pNZS0&#8243; el_class=&#8220;dark dark-secondary hidden-xs r-video&#8220; css=&#8220;.vc_custom_1484066201761{background-position: center !important;background-repeat: no-repeat !important;background-size: cover !important;}&#8220;][vc_column][vc_empty_space height=&#8220;500&#8243;][\/vc_column][\/vc_row][vc_row][vc_column]<div class=\"templatera_shortcode\"><div class=\"vc_row wpb_row vc_row-fluid row-marcas margin-top-2x margin-bottom-2x\"><div class=\"wpb_column vc_column_container vc_col-sm-12\"><div class=\"vc_column-inner\"><div class=\"wpb_wrapper\"><div id=\"carousel-anything-1\" class=\"carousel-anything-container owl-carousel has-arrows\"\n\t\t\tdata-items=\"6\"\n\t\t\tdata-scroll_per_page=\"\"\n\t\t\tdata-autoplay=\"5000\"\n\t\t\tdata-items-small=\"3\"\n\t\t\tdata-items-tablet=\"2\"\n\t\t\tdata-items-mobile=\"1\"\n\t\t\tdata-stop-on-hover=\"\"\n\t\t\tdata-speed-scroll=\"800\"\n\t\t\tdata-speed-rewind=\"1000\"\n\t\t\tdata-thumbnails=\"arrows\"\n\t\t\tdata-thumbnail-numbers=\"\"\n\t\t\tdata-navigation=\"true\"\n\t\t\t><div class=\"vc_row wpb_row vc_inner vc_row-fluid\"><div class=\"wpb_column vc_column_container vc_col-sm-12\"><div class=\"vc_column-inner\"><div class=\"wpb_wrapper\">\n\t<div  class=\"wpb_single_image wpb_content_element vc_align_center wpb_content_element\">\n\t\t\n\t\t<figure class=\"wpb_wrapper vc_figure\">\n\t\t\t<div class=\"vc_single_image-wrapper   vc_box_border_grey\"><img loading=\"lazy\" decoding=\"async\" width=\"300\" height=\"300\" src=\"https:\/\/plastic7a.com\/wp-content\/uploads\/2016\/11\/plastic7a-logotipo-volkswagen.png\" class=\"vc_single_image-img attachment-full\" alt=\"\" title=\"plastic7a-logotipo-volkswagen\" \/><\/div>\n\t\t<\/figure>\n\t<\/div>\n<\/div><\/div><\/div><\/div><div class=\"vc_row wpb_row vc_inner vc_row-fluid\"><div class=\"wpb_column vc_column_container vc_col-sm-12\"><div class=\"vc_column-inner\"><div class=\"wpb_wrapper\">\n\t<div  class=\"wpb_single_image wpb_content_element vc_align_center wpb_content_element\">\n\t\t\n\t\t<figure class=\"wpb_wrapper vc_figure\">\n\t\t\t<div class=\"vc_single_image-wrapper   vc_box_border_grey\"><img loading=\"lazy\" decoding=\"async\" width=\"300\" height=\"300\" src=\"https:\/\/plastic7a.com\/wp-content\/uploads\/2016\/11\/plastic7a-logotipo-audi.png\" class=\"vc_single_image-img attachment-full\" alt=\"\" title=\"plastic7a-logotipo-audi\" \/><\/div>\n\t\t<\/figure>\n\t<\/div>\n<\/div><\/div><\/div><\/div><div class=\"vc_row wpb_row vc_inner vc_row-fluid\"><div class=\"wpb_column vc_column_container vc_col-sm-12\"><div class=\"vc_column-inner\"><div class=\"wpb_wrapper\">\n\t<div  class=\"wpb_single_image wpb_content_element vc_align_center wpb_content_element\">\n\t\t\n\t\t<figure class=\"wpb_wrapper vc_figure\">\n\t\t\t<div class=\"vc_single_image-wrapper   vc_box_border_grey\"><img loading=\"lazy\" decoding=\"async\" width=\"300\" height=\"300\" src=\"https:\/\/plastic7a.com\/wp-content\/uploads\/2016\/11\/plastic7a-logotipo-opel.png\" class=\"vc_single_image-img attachment-full\" alt=\"\" title=\"plastic7a-logotipo-opel\" \/><\/div>\n\t\t<\/figure>\n\t<\/div>\n<\/div><\/div><\/div><\/div><div class=\"vc_row wpb_row vc_inner vc_row-fluid\"><div class=\"wpb_column vc_column_container vc_col-sm-12\"><div class=\"vc_column-inner\"><div class=\"wpb_wrapper\">\n\t<div  class=\"wpb_single_image wpb_content_element vc_align_center wpb_content_element\">\n\t\t\n\t\t<figure class=\"wpb_wrapper vc_figure\">\n\t\t\t<div class=\"vc_single_image-wrapper   vc_box_border_grey\"><img loading=\"lazy\" decoding=\"async\" width=\"300\" height=\"300\" src=\"https:\/\/plastic7a.com\/wp-content\/uploads\/2016\/11\/plastic7a-logotipo-peugeot.png\" class=\"vc_single_image-img attachment-full\" alt=\"\" title=\"plastic7a-logotipo-peugeot\" \/><\/div>\n\t\t<\/figure>\n\t<\/div>\n<\/div><\/div><\/div><\/div><div class=\"vc_row wpb_row vc_inner vc_row-fluid\"><div class=\"wpb_column vc_column_container vc_col-sm-12\"><div class=\"vc_column-inner\"><div class=\"wpb_wrapper\">\n\t<div  class=\"wpb_single_image wpb_content_element vc_align_center wpb_content_element\">\n\t\t\n\t\t<figure class=\"wpb_wrapper vc_figure\">\n\t\t\t<div class=\"vc_single_image-wrapper   vc_box_border_grey\"><img loading=\"lazy\" decoding=\"async\" width=\"300\" height=\"300\" src=\"https:\/\/plastic7a.com\/wp-content\/uploads\/2016\/11\/plastic7a-logotipo-seat.png\" class=\"vc_single_image-img attachment-full\" alt=\"\" title=\"plastic7a-logotipo-seat\" \/><\/div>\n\t\t<\/figure>\n\t<\/div>\n<\/div><\/div><\/div><\/div><div class=\"vc_row wpb_row vc_inner vc_row-fluid\"><div class=\"wpb_column vc_column_container vc_col-sm-12\"><div class=\"vc_column-inner\"><div class=\"wpb_wrapper\">\n\t<div  class=\"wpb_single_image wpb_content_element vc_align_center wpb_content_element\">\n\t\t\n\t\t<figure class=\"wpb_wrapper vc_figure\">\n\t\t\t<div class=\"vc_single_image-wrapper   vc_box_border_grey\"><img loading=\"lazy\" decoding=\"async\" width=\"300\" height=\"300\" src=\"https:\/\/plastic7a.com\/wp-content\/uploads\/2016\/11\/plastic7a-logotipo-for.png\" class=\"vc_single_image-img attachment-full\" alt=\"\" title=\"plastic7a-logotipo-for\" \/><\/div>\n\t\t<\/figure>\n\t<\/div>\n<\/div><\/div><\/div><\/div><div class=\"vc_row wpb_row vc_inner vc_row-fluid\"><div class=\"wpb_column vc_column_container vc_col-sm-12\"><div class=\"vc_column-inner\"><div class=\"wpb_wrapper\">\n\t<div  class=\"wpb_single_image wpb_content_element vc_align_center wpb_content_element\">\n\t\t\n\t\t<figure class=\"wpb_wrapper vc_figure\">\n\t\t\t<div class=\"vc_single_image-wrapper   vc_box_border_grey\"><img loading=\"lazy\" decoding=\"async\" width=\"300\" height=\"300\" src=\"https:\/\/plastic7a.com\/wp-content\/uploads\/2016\/11\/plastic7a-logotipo-bentley.png\" class=\"vc_single_image-img attachment-full\" alt=\"\" title=\"plastic7a-logotipo-bentley\" \/><\/div>\n\t\t<\/figure>\n\t<\/div>\n<\/div><\/div><\/div><\/div><div class=\"vc_row wpb_row vc_inner vc_row-fluid\"><div class=\"wpb_column vc_column_container vc_col-sm-12\"><div class=\"vc_column-inner\"><div class=\"wpb_wrapper\">\n\t<div  class=\"wpb_single_image wpb_content_element vc_align_center wpb_content_element\">\n\t\t\n\t\t<figure class=\"wpb_wrapper vc_figure\">\n\t\t\t<div class=\"vc_single_image-wrapper   vc_box_border_grey\"><img loading=\"lazy\" decoding=\"async\" width=\"300\" height=\"300\" src=\"https:\/\/plastic7a.com\/wp-content\/uploads\/2016\/11\/plastic7a-logotipo-skoda.png\" class=\"vc_single_image-img attachment-full\" alt=\"\" title=\"plastic7a-logotipo-skoda\" \/><\/div>\n\t\t<\/figure>\n\t<\/div>\n<\/div><\/div><\/div><\/div><div class=\"vc_row wpb_row vc_inner vc_row-fluid\"><div class=\"wpb_column vc_column_container vc_col-sm-12\"><div class=\"vc_column-inner\"><div class=\"wpb_wrapper\">\n\t<div  class=\"wpb_single_image wpb_content_element vc_align_center wpb_content_element\">\n\t\t\n\t\t<figure class=\"wpb_wrapper vc_figure\">\n\t\t\t<div class=\"vc_single_image-wrapper   vc_box_border_grey\"><img loading=\"lazy\" decoding=\"async\" width=\"300\" height=\"300\" src=\"https:\/\/plastic7a.com\/wp-content\/uploads\/2016\/11\/plastic7a-logotipo-lamborguini.png\" class=\"vc_single_image-img attachment-full\" alt=\"\" title=\"plastic7a-logotipo-lamborguini\" \/><\/div>\n\t\t<\/figure>\n\t<\/div>\n<\/div><\/div><\/div><\/div><div class=\"vc_row wpb_row vc_inner vc_row-fluid\"><div class=\"wpb_column vc_column_container vc_col-sm-12\"><div class=\"vc_column-inner\"><div class=\"wpb_wrapper\">\n\t<div  class=\"wpb_single_image wpb_content_element vc_align_center wpb_content_element\">\n\t\t\n\t\t<figure class=\"wpb_wrapper vc_figure\">\n\t\t\t<div class=\"vc_single_image-wrapper   vc_box_border_grey\"><img loading=\"lazy\" decoding=\"async\" width=\"300\" height=\"300\" src=\"https:\/\/plastic7a.com\/wp-content\/uploads\/2016\/11\/plastic7a-logotipo-porsche.png\" class=\"vc_single_image-img attachment-full\" alt=\"\" title=\"plastic7a-logotipo-porsche\" \/><\/div>\n\t\t<\/figure>\n\t<\/div>\n<\/div><\/div><\/div><\/div><div class=\"vc_row wpb_row vc_inner vc_row-fluid\"><div class=\"wpb_column vc_column_container vc_col-sm-12\"><div class=\"vc_column-inner\"><div class=\"wpb_wrapper\">\n\t<div  class=\"wpb_single_image wpb_content_element vc_align_center wpb_content_element\">\n\t\t\n\t\t<figure class=\"wpb_wrapper vc_figure\">\n\t\t\t<div class=\"vc_single_image-wrapper   vc_box_border_grey\"><img loading=\"lazy\" decoding=\"async\" width=\"300\" height=\"300\" src=\"https:\/\/plastic7a.com\/wp-content\/uploads\/2016\/11\/plastic7a-logotipo-plastic-omnium.png\" class=\"vc_single_image-img attachment-full\" alt=\"\" title=\"plastic7a-logotipo-plastic-omnium\" \/><\/div>\n\t\t<\/figure>\n\t<\/div>\n<\/div><\/div><\/div><\/div><div class=\"vc_row wpb_row vc_inner vc_row-fluid\"><div class=\"wpb_column vc_column_container vc_col-sm-12\"><div class=\"vc_column-inner\"><div class=\"wpb_wrapper\">\n\t<div  class=\"wpb_single_image wpb_content_element vc_align_center wpb_content_element\">\n\t\t\n\t\t<figure class=\"wpb_wrapper vc_figure\">\n\t\t\t<div class=\"vc_single_image-wrapper   vc_box_border_grey\"><img loading=\"lazy\" decoding=\"async\" width=\"300\" height=\"300\" src=\"https:\/\/plastic7a.com\/wp-content\/uploads\/2016\/11\/plastic7a-logotipo-magna.png\" class=\"vc_single_image-img attachment-full\" alt=\"\" title=\"plastic7a-logotipo-magna\" \/><\/div>\n\t\t<\/figure>\n\t<\/div>\n<\/div><\/div><\/div><\/div><div class=\"vc_row wpb_row vc_inner vc_row-fluid\"><div class=\"wpb_column vc_column_container vc_col-sm-12\"><div class=\"vc_column-inner\"><div class=\"wpb_wrapper\">\n\t<div  class=\"wpb_single_image wpb_content_element vc_align_center wpb_content_element\">\n\t\t\n\t\t<figure class=\"wpb_wrapper vc_figure\">\n\t\t\t<div class=\"vc_single_image-wrapper   vc_box_border_grey\"><img loading=\"lazy\" decoding=\"async\" width=\"300\" height=\"300\" src=\"https:\/\/plastic7a.com\/wp-content\/uploads\/2016\/11\/plastic7a-logotipo-valeo.png\" class=\"vc_single_image-img attachment-full\" alt=\"\" title=\"plastic7a-logotipo-valeo\" \/><\/div>\n\t\t<\/figure>\n\t<\/div>\n<\/div><\/div><\/div><\/div><div class=\"vc_row wpb_row vc_inner vc_row-fluid\"><div class=\"wpb_column vc_column_container vc_col-sm-12\"><div class=\"vc_column-inner\"><div class=\"wpb_wrapper\">\n\t<div  class=\"wpb_single_image wpb_content_element vc_align_center wpb_content_element\">\n\t\t\n\t\t<figure class=\"wpb_wrapper vc_figure\">\n\t\t\t<div class=\"vc_single_image-wrapper   vc_box_border_grey\"><img loading=\"lazy\" decoding=\"async\" width=\"300\" height=\"300\" src=\"https:\/\/plastic7a.com\/wp-content\/uploads\/2016\/11\/plastic7a-logotipo-smr.png\" class=\"vc_single_image-img attachment-full\" alt=\"\" title=\"plastic7a-logotipo-smr\" \/><\/div>\n\t\t<\/figure>\n\t<\/div>\n<\/div><\/div><\/div><\/div><div class=\"vc_row wpb_row vc_inner vc_row-fluid\"><div class=\"wpb_column vc_column_container vc_col-sm-12\"><div class=\"vc_column-inner\"><div class=\"wpb_wrapper\">\n\t<div  class=\"wpb_single_image wpb_content_element vc_align_center wpb_content_element\">\n\t\t\n\t\t<figure class=\"wpb_wrapper vc_figure\">\n\t\t\t<div class=\"vc_single_image-wrapper   vc_box_border_grey\"><img loading=\"lazy\" decoding=\"async\" width=\"300\" height=\"300\" src=\"https:\/\/plastic7a.com\/wp-content\/uploads\/2016\/11\/plastic7a-logotipo-smp.png\" class=\"vc_single_image-img attachment-full\" alt=\"\" title=\"plastic7a-logotipo-smp\" \/><\/div>\n\t\t<\/figure>\n\t<\/div>\n<\/div><\/div><\/div><\/div><\/div><\/div><\/div><\/div><\/div><\/div>[\/vc_column][\/vc_row]\n<\/div>","protected":false},"excerpt":{"rendered":"WIR \u00dcBER UNS Das ist unsere Geschichte Plastic 7-A wurde im Jahr 1989 gegr\u00fcndet. Unsere erste T\u00e4tigkeit war die Herstellung von Komponenten f\u00fcr Haushaltsger\u00e4te mittels Spritzgussverfahren. Mit der Zeit und viel harter Arbeit wurden wir zu einem Tier-1-Lieferanten f\u00fcr die Automobilindustrie. Heute betreiben wir vier Produktionsst\u00e4tten in Valencia, besch\u00e4ftigen 400 Mitarbeiter und erzielen einen Jahresumsatz [...]","protected":false},"author":2,"featured_media":0,"parent":0,"menu_order":20,"comment_status":"closed","ping_status":"closed","template":"","meta":{"footnotes":""},"class_list":["post-5968","page","type-page","status-publish","hentry"],"yoast_head":"<!-- This site is optimized with the Yoast SEO plugin v27.4 - https:\/\/yoast.com\/product\/yoast-seo-wordpress\/ -->\n<title>UNTERNEHMEN | Plastic 7A<\/title>\n<meta name=\"robots\" content=\"index, follow, max-snippet:-1, max-image-preview:large, max-video-preview:-1\" \/>\n<link rel=\"canonical\" href=\"https:\/\/plastic7a.com\/de\/unternehmen\/\" \/>\n<meta property=\"og:locale\" content=\"de_DE\" \/>\n<meta property=\"og:type\" content=\"article\" \/>\n<meta property=\"og:title\" content=\"UNTERNEHMEN | Plastic 7A\" \/>\n<meta property=\"og:url\" content=\"https:\/\/plastic7a.com\/de\/unternehmen\/\" \/>\n<meta property=\"og:site_name\" content=\"Plastic 7A\" \/>\n<meta property=\"article:modified_time\" content=\"2026-01-15T14:09:33+00:00\" \/>\n<meta name=\"twitter:card\" content=\"summary_large_image\" \/>\n<meta name=\"twitter:label1\" content=\"Gesch\u00e4tzte Lesezeit\" \/>\n\t<meta name=\"twitter:data1\" content=\"1\u00a0Minute\" \/>\n<script type=\"application\/ld+json\" class=\"yoast-schema-graph\">{\"@context\":\"https:\\\/\\\/schema.org\",\"@graph\":[{\"@type\":\"WebPage\",\"@id\":\"https:\\\/\\\/plastic7a.com\\\/de\\\/unternehmen\\\/\",\"url\":\"https:\\\/\\\/plastic7a.com\\\/de\\\/unternehmen\\\/\",\"name\":\"UNTERNEHMEN | Plastic 7A\",\"isPartOf\":{\"@id\":\"https:\\\/\\\/plastic7a.com\\\/#website\"},\"datePublished\":\"2017-01-10T11:55:12+00:00\",\"dateModified\":\"2026-01-15T14:09:33+00:00\",\"breadcrumb\":{\"@id\":\"https:\\\/\\\/plastic7a.com\\\/de\\\/unternehmen\\\/#breadcrumb\"},\"inLanguage\":\"de\",\"potentialAction\":[{\"@type\":\"ReadAction\",\"target\":[\"https:\\\/\\\/plastic7a.com\\\/de\\\/unternehmen\\\/\"]}]},{\"@type\":\"BreadcrumbList\",\"@id\":\"https:\\\/\\\/plastic7a.com\\\/de\\\/unternehmen\\\/#breadcrumb\",\"itemListElement\":[{\"@type\":\"ListItem\",\"position\":1,\"name\":\"Portada\",\"item\":\"https:\\\/\\\/plastic7a.com\\\/de\\\/\"},{\"@type\":\"ListItem\",\"position\":2,\"name\":\"UNTERNEHMEN\"}]},{\"@type\":\"WebSite\",\"@id\":\"https:\\\/\\\/plastic7a.com\\\/#website\",\"url\":\"https:\\\/\\\/plastic7a.com\\\/\",\"name\":\"Plastic 7A\",\"description\":\"\",\"publisher\":{\"@id\":\"https:\\\/\\\/plastic7a.com\\\/#organization\"},\"potentialAction\":[{\"@type\":\"SearchAction\",\"target\":{\"@type\":\"EntryPoint\",\"urlTemplate\":\"https:\\\/\\\/plastic7a.com\\\/?s={search_term_string}\"},\"query-input\":{\"@type\":\"PropertyValueSpecification\",\"valueRequired\":true,\"valueName\":\"search_term_string\"}}],\"inLanguage\":\"de\"},{\"@type\":\"Organization\",\"@id\":\"https:\\\/\\\/plastic7a.com\\\/#organization\",\"name\":\"Plastic 7A - Industria automotriz\",\"url\":\"https:\\\/\\\/plastic7a.com\\\/\",\"logo\":{\"@type\":\"ImageObject\",\"inLanguage\":\"de\",\"@id\":\"https:\\\/\\\/plastic7a.com\\\/#\\\/schema\\\/logo\\\/image\\\/\",\"url\":\"https:\\\/\\\/plastic7a.com\\\/wp-content\\\/uploads\\\/2017\\\/01\\\/facebookshare.jpg\",\"contentUrl\":\"https:\\\/\\\/plastic7a.com\\\/wp-content\\\/uploads\\\/2017\\\/01\\\/facebookshare.jpg\",\"width\":1200,\"height\":628,\"caption\":\"Plastic 7A - Industria automotriz\"},\"image\":{\"@id\":\"https:\\\/\\\/plastic7a.com\\\/#\\\/schema\\\/logo\\\/image\\\/\"}}]}<\/script>\n<!-- \/ Yoast SEO plugin. -->","yoast_head_json":{"title":"UNTERNEHMEN | Plastic 7A","robots":{"index":"index","follow":"follow","max-snippet":"max-snippet:-1","max-image-preview":"max-image-preview:large","max-video-preview":"max-video-preview:-1"},"canonical":"https:\/\/plastic7a.com\/de\/unternehmen\/","og_locale":"de_DE","og_type":"article","og_title":"UNTERNEHMEN | Plastic 7A","og_url":"https:\/\/plastic7a.com\/de\/unternehmen\/","og_site_name":"Plastic 7A","article_modified_time":"2026-01-15T14:09:33+00:00","twitter_card":"summary_large_image","twitter_misc":{"Gesch\u00e4tzte Lesezeit":"1\u00a0Minute"},"schema":{"@context":"https:\/\/schema.org","@graph":[{"@type":"WebPage","@id":"https:\/\/plastic7a.com\/de\/unternehmen\/","url":"https:\/\/plastic7a.com\/de\/unternehmen\/","name":"UNTERNEHMEN | Plastic 7A","isPartOf":{"@id":"https:\/\/plastic7a.com\/#website"},"datePublished":"2017-01-10T11:55:12+00:00","dateModified":"2026-01-15T14:09:33+00:00","breadcrumb":{"@id":"https:\/\/plastic7a.com\/de\/unternehmen\/#breadcrumb"},"inLanguage":"de","potentialAction":[{"@type":"ReadAction","target":["https:\/\/plastic7a.com\/de\/unternehmen\/"]}]},{"@type":"BreadcrumbList","@id":"https:\/\/plastic7a.com\/de\/unternehmen\/#breadcrumb","itemListElement":[{"@type":"ListItem","position":1,"name":"Portada","item":"https:\/\/plastic7a.com\/de\/"},{"@type":"ListItem","position":2,"name":"UNTERNEHMEN"}]},{"@type":"WebSite","@id":"https:\/\/plastic7a.com\/#website","url":"https:\/\/plastic7a.com\/","name":"Plastic 7A","description":"","publisher":{"@id":"https:\/\/plastic7a.com\/#organization"},"potentialAction":[{"@type":"SearchAction","target":{"@type":"EntryPoint","urlTemplate":"https:\/\/plastic7a.com\/?s={search_term_string}"},"query-input":{"@type":"PropertyValueSpecification","valueRequired":true,"valueName":"search_term_string"}}],"inLanguage":"de"},{"@type":"Organization","@id":"https:\/\/plastic7a.com\/#organization","name":"Plastic 7A - Industria automotriz","url":"https:\/\/plastic7a.com\/","logo":{"@type":"ImageObject","inLanguage":"de","@id":"https:\/\/plastic7a.com\/#\/schema\/logo\/image\/","url":"https:\/\/plastic7a.com\/wp-content\/uploads\/2017\/01\/facebookshare.jpg","contentUrl":"https:\/\/plastic7a.com\/wp-content\/uploads\/2017\/01\/facebookshare.jpg","width":1200,"height":628,"caption":"Plastic 7A - Industria automotriz"},"image":{"@id":"https:\/\/plastic7a.com\/#\/schema\/logo\/image\/"}}]}},"_links":{"self":[{"href":"https:\/\/plastic7a.com\/de\/wp-json\/wp\/v2\/pages\/5968","targetHints":{"allow":["GET"]}}],"collection":[{"href":"https:\/\/plastic7a.com\/de\/wp-json\/wp\/v2\/pages"}],"about":[{"href":"https:\/\/plastic7a.com\/de\/wp-json\/wp\/v2\/types\/page"}],"author":[{"embeddable":true,"href":"https:\/\/plastic7a.com\/de\/wp-json\/wp\/v2\/users\/2"}],"replies":[{"embeddable":true,"href":"https:\/\/plastic7a.com\/de\/wp-json\/wp\/v2\/comments?post=5968"}],"version-history":[{"count":3,"href":"https:\/\/plastic7a.com\/de\/wp-json\/wp\/v2\/pages\/5968\/revisions"}],"predecessor-version":[{"id":6943,"href":"https:\/\/plastic7a.com\/de\/wp-json\/wp\/v2\/pages\/5968\/revisions\/6943"}],"wp:attachment":[{"href":"https:\/\/plastic7a.com\/de\/wp-json\/wp\/v2\/media?parent=5968"}],"curies":[{"name":"wp","href":"https:\/\/api.w.org\/{rel}","templated":true}]}}