{"id":5960,"date":"2017-01-10T12:51:11","date_gmt":"2017-01-10T11:51:11","guid":{"rendered":"https:\/\/plastic7a.com\/?page_id=5960\/"},"modified":"2025-12-26T13:08:15","modified_gmt":"2025-12-26T12:08:15","slug":"home","status":"publish","type":"page","link":"https:\/\/plastic7a.com\/de\/","title":{"rendered":"Home"},"content":{"rendered":"<div class=\"wpb-content-wrapper\">[vc_row][vc_column][rev_slider_vc alias=&#8220;inicio&#8220;][\/vc_column][\/vc_row][vc_row full_width=&#8220;stretch_row_content_no_spaces&#8220; equal_height=&#8220;yes&#8220;][vc_column width=&#8220;1\/2&#8243; el_class=&#8220;half-box-info left type2&#8243;]\n\t\t<div class=\"text-heading  right wpb_animate_when_almost_visible wpb_appear\" >\n\t\t\t<h2 class=\"text-heading--titulo normal\" >\n\t\t\t\tHOCHTECHNOLOGIE \n\t\t\t<\/h2>\n\t\t\t\t\t<div class=\"text-heading--subtitulo\" >\n\t\t\t\t\t\tF\u00fcr Sie im Einsatz\n\t\t\t\t\t<\/div><hr\/><\/div>[vc_column_text css_animation=&#8220;zoomIn&#8220; css=&#8220;&#8220;]Bei Plastic7A setzen wir modernste Technologien ein, um unsere Produktionsprozesse (Einsatz von Robotik und KI) sowie unsere nicht-produ0ktiven Abl\u00e4ufe (Verwaltung aller Aktivit\u00e4ten mit SAP und KI) zu optimieren und zu st\u00e4rken.<\/p>\n<p><a href=\"https:\/\/plastic7a.com\/de\/technologien\/\">Mehr Information<\/a>[\/vc_column_text][\/vc_column][vc_column width=&#8220;1\/2&#8243; css=&#8220;.vc_custom_1480675768314{background-image: url(https:\/\/plastic7a.com\/wp-content\/uploads\/2016\/11\/plastic7a-home-tecnologia.jpg?id=71) !important;background-position: center !important;background-repeat: no-repeat !important;background-size: cover !important;}&#8220;][vc_empty_space height=&#8220;250px&#8220; el_class=&#8220;hidden-sm hidden-md hidden-lg&#8220;][\/vc_column][\/vc_row][vc_row full_width=&#8220;stretch_row_content_no_spaces&#8220; equal_height=&#8220;yes&#8220; el_class=&#8220;js-alt&#8220;][vc_column width=&#8220;1\/2&#8243; css=&#8220;.vc_custom_1482229234735{background-image: url(https:\/\/plastic7a.com\/wp-content\/uploads\/2016\/11\/plastic7a-home-contribucion.jpg?id=72) !important;background-position: center !important;background-repeat: no-repeat !important;background-size: cover !important;}&#8220; el_class=&#8220;js-alt&#8211;first&#8220;][vc_empty_space height=&#8220;250px&#8220; el_class=&#8220;hidden-sm hidden-md hidden-lg&#8220;][\/vc_column][vc_column width=&#8220;1\/2&#8243; el_class=&#8220;half-box-info right type2 dark dark-primary js-alt&#8211;last&#8220;]\n\t\t<div class=\"text-heading  left wpb_animate_when_almost_visible wpb_appear\" >\n\t\t\t<h2 class=\"text-heading--titulo normal\" >\n\t\t\t\tWERTSCH\u00d6PFUNG \n\t\t\t<\/h2>\n\t\t\t\t\t<div class=\"text-heading--subtitulo\" >\n\t\t\t\t\t\tF\u00fcr unsere Kunden\n\t\t\t\t\t<\/div><hr\/><\/div>[vc_column_text css_animation=&#8220;zoomIn&#8220; css=&#8220;&#8220;]Die herausragende Qualit\u00e4t unserer Produkte und Dienstleistungen sowie unsere vollst\u00e4ndige Integration entlang der gesamten Wertsch\u00f6pfungskette tragen dazu bei, das Markenimage und die Marktpr\u00e4senz unserer Kunden zu st\u00e4rken.<\/p>\n<p><a href=\"https:\/\/plastic7a.com\/de\/produkte\/\">Mehr Information<\/a>[\/vc_column_text][\/vc_column][\/vc_row][vc_row full_width=&#8220;stretch_row_content_no_spaces&#8220; equal_height=&#8220;yes&#8220;][vc_column width=&#8220;1\/2&#8243; el_class=&#8220;half-box-info left type2 dark dark-secondary&#8220;]\n\t\t<div class=\"text-heading  right wpb_animate_when_almost_visible wpb_appear\" >\n\t\t\t<h2 class=\"text-heading--titulo normal\" >\n\t\t\t\tEXZELLENZ \n\t\t\t<\/h2>\n\t\t\t\t\t<div class=\"text-heading--subtitulo\" >\n\t\t\t\t\t\tAuch bei den Menschen\n\t\t\t\t\t<\/div><hr\/><\/div>[vc_column_text css_animation=&#8220;zoomIn&#8220; css=&#8220;&#8220;]Im Zentrum unseres Strebens nach Exzellenz steht unser wichtigstes Kapital: die Menschen. Wir schaffen optimale Arbeitsbedingungen, damit Talente gef\u00f6rdert und das volle Potenzial jeder Person entfaltet werden kann. Ein vielf\u00e4ltiges, generationen\u00fcbergreifendes Team mit einem gemeinsamen Ziel.<\/p>\n<p><a href=\"https:\/\/plastic7a.com\/de\/unternehmen\/\">Mehr Information<\/a>[\/vc_column_text][\/vc_column][vc_column width=&#8220;1\/2&#8243; css=&#8220;.vc_custom_1480675820225{background-image: url(https:\/\/plastic7a.com\/wp-content\/uploads\/2016\/11\/plastic7a-home-excelencia.jpg?id=73) !important;background-position: center !important;background-repeat: no-repeat !important;background-size: cover !important;}&#8220;][vc_empty_space height=&#8220;250px&#8220; el_class=&#8220;hidden-sm hidden-md hidden-lg&#8220;][\/vc_column][\/vc_row][vc_row full_width=&#8220;stretch_row_content_no_spaces&#8220; equal_height=&#8220;yes&#8220; disable_element=&#8220;yes&#8220; el_class=&#8220;js-alt&#8220;][vc_column width=&#8220;1\/2&#8243; css=&#8220;.vc_custom_1482229251519{background-image: url(https:\/\/plastic7a.com\/wp-content\/uploads\/2016\/11\/plastic7a-home-ilusion.jpg?id=74) !important;background-position: center !important;background-repeat: no-repeat !important;background-size: cover !important;}&#8220; el_class=&#8220;js-alt&#8211;first&#8220;][vc_empty_space height=&#8220;250px&#8220; el_class=&#8220;hidden-sm hidden-md hidden-lg&#8220;][\/vc_column][vc_column width=&#8220;1\/2&#8243; el_class=&#8220;half-box-info right type2 js-alt&#8211;last&#8220;]\n\t\t<div class=\"text-heading  left wpb_animate_when_almost_visible wpb_appear\" >\n\t\t\t<h2 class=\"text-heading--titulo normal\" >\n\t\t\t\tEINSATZFREUDE\n\t\t\t<\/h2>\n\t\t\t\t\t<div class=\"text-heading--subtitulo\" >\n\t\t\t\t\t\tJugend und Erfahrung\n\t\t\t\t\t<\/div><hr\/><\/div>[vc_column_text css_animation=&#8220;zoomIn&#8220;]Qualifizierte Fachkr\u00e4fte mit Initiative und Einsatzfreude, die gem\u00e4\u03b2 den neuen Herstellungsstandards &#8222;Lean Manufactoring&#8220; eine Symbiose zwischen Jugend und Erfahrung herstellen.<\/p>\n<p><a href=\"https:\/\/plastic7a.com\/de\/unternehmen\/\">Mehr Information<\/a>[\/vc_column_text][\/vc_column][\/vc_row][vc_row full_width=&#8220;stretch_row_content_no_spaces&#8220; equal_height=&#8220;yes&#8220;][vc_column width=&#8220;1\/2&#8243; css=&#8220;.vc_custom_1480675853221{background-image: url(https:\/\/plastic7a.com\/wp-content\/uploads\/2016\/11\/plastic7a-home-compromiso.jpg?id=75) !important;background-position: center !important;background-repeat: no-repeat !important;background-size: cover !important;}&#8220;][vc_empty_space height=&#8220;250px&#8220; el_class=&#8220;hidden-sm hidden-md hidden-lg&#8220;][\/vc_column][vc_column width=&#8220;1\/2&#8243; el_class=&#8220;half-box-info left type2 dark dark-primary&#8220;]\n\t\t<div class=\"text-heading  right wpb_animate_when_almost_visible wpb_appear\" >\n\t\t\t<h2 class=\"text-heading--titulo normal\" >\n\t\t\t\tENGAGEMENT\n\t\t\t<\/h2>\n\t\t\t\t\t<div class=\"text-heading--subtitulo\" >\n\t\t\t\t\t\tF\u00fcr die Umwelt\n\t\t\t\t\t<\/div><hr\/><\/div>[vc_column_text css_animation=&#8220;zoomIn&#8220; css=&#8220;&#8220;]Wir sind \u00fcberzeugt, dass es unsere gemeinsame Verantwortung ist, zum Schutz unseres Planeten beizutragen. Deshalb steht Umweltfreundlichkeit bei all unseren Aktivit\u00e4ten an erster Stelle \u2013 mit dem Ziel, negative Umweltauswirkungen zu minimieren.<\/p>\n<p><a href=\"https:\/\/plastic7a.com\/de\/technologien\/\">Mehr Information<\/a>[\/vc_column_text][\/vc_column][\/vc_row][vc_row full_width=&#8220;stretch_row_content_no_spaces&#8220; equal_height=&#8220;yes&#8220; el_class=&#8220;js-alt&#8220;][vc_column width=&#8220;1\/2&#8243; el_class=&#8220;half-box-info right type2 dark dark-secondary js-alt&#8211;last&#8220;]\n\t\t<div class=\"text-heading  left wpb_animate_when_almost_visible wpb_appear\" >\n\t\t\t<h2 class=\"text-heading--titulo normal\" >\n\t\t\t\tINNOVATION\n\t\t\t<\/h2>\n\t\t\t\t\t<div class=\"text-heading--subtitulo\" >\n\t\t\t\t\t\tF\u00fcr Sie\n\t\t\t\t\t<\/div><hr\/><\/div>[vc_column_text css_animation=&#8220;zoomIn&#8220; css=&#8220;&#8220;]Innovation ist die nat\u00fcrliche Folge unserer t\u00e4glichen Verbesserungsarbeit in allen Bereichen. Innovation in Produkten, Prozessen und Dienstleistungen \u2013 stets zu Ihrem Nutzen.<\/p>\n<p><a href=\"https:\/\/plastic7a.com\/de\/produkte\/\">Mehr Information<\/a>[\/vc_column_text][\/vc_column][vc_column width=&#8220;1\/2&#8243; css=&#8220;.vc_custom_1482229276777{background-image: url(https:\/\/plastic7a.com\/wp-content\/uploads\/2016\/11\/plastic7a-home-innovacion.jpg?id=76) !important;background-position: center !important;background-repeat: no-repeat !important;background-size: cover !important;}&#8220; el_class=&#8220;js-alt&#8211;first&#8220;][vc_empty_space height=&#8220;250px&#8220; el_class=&#8220;hidden-sm hidden-md hidden-lg&#8220;][\/vc_column][\/vc_row][vc_row][vc_column]<div class=\"templatera_shortcode\"><div class=\"vc_row wpb_row vc_row-fluid row-marcas margin-top-2x margin-bottom-2x\"><div class=\"wpb_column vc_column_container vc_col-sm-12\"><div class=\"vc_column-inner\"><div class=\"wpb_wrapper\"><div id=\"carousel-anything-1\" class=\"carousel-anything-container owl-carousel has-arrows\"\n\t\t\tdata-items=\"6\"\n\t\t\tdata-scroll_per_page=\"\"\n\t\t\tdata-autoplay=\"5000\"\n\t\t\tdata-items-small=\"3\"\n\t\t\tdata-items-tablet=\"2\"\n\t\t\tdata-items-mobile=\"1\"\n\t\t\tdata-stop-on-hover=\"\"\n\t\t\tdata-speed-scroll=\"800\"\n\t\t\tdata-speed-rewind=\"1000\"\n\t\t\tdata-thumbnails=\"arrows\"\n\t\t\tdata-thumbnail-numbers=\"\"\n\t\t\tdata-navigation=\"true\"\n\t\t\t><div class=\"vc_row wpb_row vc_inner vc_row-fluid\"><div class=\"wpb_column vc_column_container vc_col-sm-12\"><div class=\"vc_column-inner\"><div class=\"wpb_wrapper\">\n\t<div  class=\"wpb_single_image wpb_content_element vc_align_center wpb_content_element\">\n\t\t\n\t\t<figure class=\"wpb_wrapper vc_figure\">\n\t\t\t<div class=\"vc_single_image-wrapper   vc_box_border_grey\"><img loading=\"lazy\" decoding=\"async\" width=\"300\" height=\"300\" src=\"https:\/\/plastic7a.com\/wp-content\/uploads\/2016\/11\/plastic7a-logotipo-volkswagen.png\" class=\"vc_single_image-img attachment-full\" alt=\"\" title=\"plastic7a-logotipo-volkswagen\" \/><\/div>\n\t\t<\/figure>\n\t<\/div>\n<\/div><\/div><\/div><\/div><div class=\"vc_row wpb_row vc_inner vc_row-fluid\"><div class=\"wpb_column vc_column_container vc_col-sm-12\"><div class=\"vc_column-inner\"><div class=\"wpb_wrapper\">\n\t<div  class=\"wpb_single_image wpb_content_element vc_align_center wpb_content_element\">\n\t\t\n\t\t<figure class=\"wpb_wrapper vc_figure\">\n\t\t\t<div class=\"vc_single_image-wrapper   vc_box_border_grey\"><img loading=\"lazy\" decoding=\"async\" width=\"300\" height=\"300\" src=\"https:\/\/plastic7a.com\/wp-content\/uploads\/2016\/11\/plastic7a-logotipo-audi.png\" class=\"vc_single_image-img attachment-full\" alt=\"\" title=\"plastic7a-logotipo-audi\" \/><\/div>\n\t\t<\/figure>\n\t<\/div>\n<\/div><\/div><\/div><\/div><div class=\"vc_row wpb_row vc_inner vc_row-fluid\"><div class=\"wpb_column vc_column_container vc_col-sm-12\"><div class=\"vc_column-inner\"><div class=\"wpb_wrapper\">\n\t<div  class=\"wpb_single_image wpb_content_element vc_align_center wpb_content_element\">\n\t\t\n\t\t<figure class=\"wpb_wrapper vc_figure\">\n\t\t\t<div class=\"vc_single_image-wrapper   vc_box_border_grey\"><img loading=\"lazy\" decoding=\"async\" width=\"300\" height=\"300\" src=\"https:\/\/plastic7a.com\/wp-content\/uploads\/2016\/11\/plastic7a-logotipo-opel.png\" class=\"vc_single_image-img attachment-full\" alt=\"\" title=\"plastic7a-logotipo-opel\" \/><\/div>\n\t\t<\/figure>\n\t<\/div>\n<\/div><\/div><\/div><\/div><div class=\"vc_row wpb_row vc_inner vc_row-fluid\"><div class=\"wpb_column vc_column_container vc_col-sm-12\"><div class=\"vc_column-inner\"><div class=\"wpb_wrapper\">\n\t<div  class=\"wpb_single_image wpb_content_element vc_align_center wpb_content_element\">\n\t\t\n\t\t<figure class=\"wpb_wrapper vc_figure\">\n\t\t\t<div class=\"vc_single_image-wrapper   vc_box_border_grey\"><img loading=\"lazy\" decoding=\"async\" width=\"300\" height=\"300\" src=\"https:\/\/plastic7a.com\/wp-content\/uploads\/2016\/11\/plastic7a-logotipo-peugeot.png\" class=\"vc_single_image-img attachment-full\" alt=\"\" title=\"plastic7a-logotipo-peugeot\" \/><\/div>\n\t\t<\/figure>\n\t<\/div>\n<\/div><\/div><\/div><\/div><div class=\"vc_row wpb_row vc_inner vc_row-fluid\"><div class=\"wpb_column vc_column_container vc_col-sm-12\"><div class=\"vc_column-inner\"><div class=\"wpb_wrapper\">\n\t<div  class=\"wpb_single_image wpb_content_element vc_align_center wpb_content_element\">\n\t\t\n\t\t<figure class=\"wpb_wrapper vc_figure\">\n\t\t\t<div class=\"vc_single_image-wrapper   vc_box_border_grey\"><img loading=\"lazy\" decoding=\"async\" width=\"300\" height=\"300\" src=\"https:\/\/plastic7a.com\/wp-content\/uploads\/2016\/11\/plastic7a-logotipo-seat.png\" class=\"vc_single_image-img attachment-full\" alt=\"\" title=\"plastic7a-logotipo-seat\" \/><\/div>\n\t\t<\/figure>\n\t<\/div>\n<\/div><\/div><\/div><\/div><div class=\"vc_row wpb_row vc_inner vc_row-fluid\"><div class=\"wpb_column vc_column_container vc_col-sm-12\"><div class=\"vc_column-inner\"><div class=\"wpb_wrapper\">\n\t<div  class=\"wpb_single_image wpb_content_element vc_align_center wpb_content_element\">\n\t\t\n\t\t<figure class=\"wpb_wrapper vc_figure\">\n\t\t\t<div class=\"vc_single_image-wrapper   vc_box_border_grey\"><img loading=\"lazy\" decoding=\"async\" width=\"300\" height=\"300\" src=\"https:\/\/plastic7a.com\/wp-content\/uploads\/2016\/11\/plastic7a-logotipo-for.png\" class=\"vc_single_image-img attachment-full\" alt=\"\" title=\"plastic7a-logotipo-for\" \/><\/div>\n\t\t<\/figure>\n\t<\/div>\n<\/div><\/div><\/div><\/div><div class=\"vc_row wpb_row vc_inner vc_row-fluid\"><div class=\"wpb_column vc_column_container vc_col-sm-12\"><div class=\"vc_column-inner\"><div class=\"wpb_wrapper\">\n\t<div  class=\"wpb_single_image wpb_content_element vc_align_center wpb_content_element\">\n\t\t\n\t\t<figure class=\"wpb_wrapper vc_figure\">\n\t\t\t<div class=\"vc_single_image-wrapper   vc_box_border_grey\"><img loading=\"lazy\" decoding=\"async\" width=\"300\" height=\"300\" src=\"https:\/\/plastic7a.com\/wp-content\/uploads\/2016\/11\/plastic7a-logotipo-bentley.png\" class=\"vc_single_image-img attachment-full\" alt=\"\" title=\"plastic7a-logotipo-bentley\" \/><\/div>\n\t\t<\/figure>\n\t<\/div>\n<\/div><\/div><\/div><\/div><div class=\"vc_row wpb_row vc_inner vc_row-fluid\"><div class=\"wpb_column vc_column_container vc_col-sm-12\"><div class=\"vc_column-inner\"><div class=\"wpb_wrapper\">\n\t<div  class=\"wpb_single_image wpb_content_element vc_align_center wpb_content_element\">\n\t\t\n\t\t<figure class=\"wpb_wrapper vc_figure\">\n\t\t\t<div class=\"vc_single_image-wrapper   vc_box_border_grey\"><img loading=\"lazy\" decoding=\"async\" width=\"300\" height=\"300\" src=\"https:\/\/plastic7a.com\/wp-content\/uploads\/2016\/11\/plastic7a-logotipo-skoda.png\" class=\"vc_single_image-img attachment-full\" alt=\"\" title=\"plastic7a-logotipo-skoda\" \/><\/div>\n\t\t<\/figure>\n\t<\/div>\n<\/div><\/div><\/div><\/div><div class=\"vc_row wpb_row vc_inner vc_row-fluid\"><div class=\"wpb_column vc_column_container vc_col-sm-12\"><div class=\"vc_column-inner\"><div class=\"wpb_wrapper\">\n\t<div  class=\"wpb_single_image wpb_content_element vc_align_center wpb_content_element\">\n\t\t\n\t\t<figure class=\"wpb_wrapper vc_figure\">\n\t\t\t<div class=\"vc_single_image-wrapper   vc_box_border_grey\"><img loading=\"lazy\" decoding=\"async\" width=\"300\" height=\"300\" src=\"https:\/\/plastic7a.com\/wp-content\/uploads\/2016\/11\/plastic7a-logotipo-lamborguini.png\" class=\"vc_single_image-img attachment-full\" alt=\"\" title=\"plastic7a-logotipo-lamborguini\" \/><\/div>\n\t\t<\/figure>\n\t<\/div>\n<\/div><\/div><\/div><\/div><div class=\"vc_row wpb_row vc_inner vc_row-fluid\"><div class=\"wpb_column vc_column_container vc_col-sm-12\"><div class=\"vc_column-inner\"><div class=\"wpb_wrapper\">\n\t<div  class=\"wpb_single_image wpb_content_element vc_align_center wpb_content_element\">\n\t\t\n\t\t<figure class=\"wpb_wrapper vc_figure\">\n\t\t\t<div class=\"vc_single_image-wrapper   vc_box_border_grey\"><img loading=\"lazy\" decoding=\"async\" width=\"300\" height=\"300\" src=\"https:\/\/plastic7a.com\/wp-content\/uploads\/2016\/11\/plastic7a-logotipo-porsche.png\" class=\"vc_single_image-img attachment-full\" alt=\"\" title=\"plastic7a-logotipo-porsche\" \/><\/div>\n\t\t<\/figure>\n\t<\/div>\n<\/div><\/div><\/div><\/div><div class=\"vc_row wpb_row vc_inner vc_row-fluid\"><div class=\"wpb_column vc_column_container vc_col-sm-12\"><div class=\"vc_column-inner\"><div class=\"wpb_wrapper\">\n\t<div  class=\"wpb_single_image wpb_content_element vc_align_center wpb_content_element\">\n\t\t\n\t\t<figure class=\"wpb_wrapper vc_figure\">\n\t\t\t<div class=\"vc_single_image-wrapper   vc_box_border_grey\"><img loading=\"lazy\" decoding=\"async\" width=\"300\" height=\"300\" src=\"https:\/\/plastic7a.com\/wp-content\/uploads\/2016\/11\/plastic7a-logotipo-plastic-omnium.png\" class=\"vc_single_image-img attachment-full\" alt=\"\" title=\"plastic7a-logotipo-plastic-omnium\" \/><\/div>\n\t\t<\/figure>\n\t<\/div>\n<\/div><\/div><\/div><\/div><div class=\"vc_row wpb_row vc_inner vc_row-fluid\"><div class=\"wpb_column vc_column_container vc_col-sm-12\"><div class=\"vc_column-inner\"><div class=\"wpb_wrapper\">\n\t<div  class=\"wpb_single_image wpb_content_element vc_align_center wpb_content_element\">\n\t\t\n\t\t<figure class=\"wpb_wrapper vc_figure\">\n\t\t\t<div class=\"vc_single_image-wrapper   vc_box_border_grey\"><img loading=\"lazy\" decoding=\"async\" width=\"300\" height=\"300\" src=\"https:\/\/plastic7a.com\/wp-content\/uploads\/2016\/11\/plastic7a-logotipo-magna.png\" class=\"vc_single_image-img attachment-full\" alt=\"\" title=\"plastic7a-logotipo-magna\" \/><\/div>\n\t\t<\/figure>\n\t<\/div>\n<\/div><\/div><\/div><\/div><div class=\"vc_row wpb_row vc_inner vc_row-fluid\"><div class=\"wpb_column vc_column_container vc_col-sm-12\"><div class=\"vc_column-inner\"><div class=\"wpb_wrapper\">\n\t<div  class=\"wpb_single_image wpb_content_element vc_align_center wpb_content_element\">\n\t\t\n\t\t<figure class=\"wpb_wrapper vc_figure\">\n\t\t\t<div class=\"vc_single_image-wrapper   vc_box_border_grey\"><img loading=\"lazy\" decoding=\"async\" width=\"300\" height=\"300\" src=\"https:\/\/plastic7a.com\/wp-content\/uploads\/2016\/11\/plastic7a-logotipo-valeo.png\" class=\"vc_single_image-img attachment-full\" alt=\"\" title=\"plastic7a-logotipo-valeo\" \/><\/div>\n\t\t<\/figure>\n\t<\/div>\n<\/div><\/div><\/div><\/div><div class=\"vc_row wpb_row vc_inner vc_row-fluid\"><div class=\"wpb_column vc_column_container vc_col-sm-12\"><div class=\"vc_column-inner\"><div class=\"wpb_wrapper\">\n\t<div  class=\"wpb_single_image wpb_content_element vc_align_center wpb_content_element\">\n\t\t\n\t\t<figure class=\"wpb_wrapper vc_figure\">\n\t\t\t<div class=\"vc_single_image-wrapper   vc_box_border_grey\"><img loading=\"lazy\" decoding=\"async\" width=\"300\" height=\"300\" src=\"https:\/\/plastic7a.com\/wp-content\/uploads\/2016\/11\/plastic7a-logotipo-smr.png\" class=\"vc_single_image-img attachment-full\" alt=\"\" title=\"plastic7a-logotipo-smr\" \/><\/div>\n\t\t<\/figure>\n\t<\/div>\n<\/div><\/div><\/div><\/div><div class=\"vc_row wpb_row vc_inner vc_row-fluid\"><div class=\"wpb_column vc_column_container vc_col-sm-12\"><div class=\"vc_column-inner\"><div class=\"wpb_wrapper\">\n\t<div  class=\"wpb_single_image wpb_content_element vc_align_center wpb_content_element\">\n\t\t\n\t\t<figure class=\"wpb_wrapper vc_figure\">\n\t\t\t<div class=\"vc_single_image-wrapper   vc_box_border_grey\"><img loading=\"lazy\" decoding=\"async\" width=\"300\" height=\"300\" src=\"https:\/\/plastic7a.com\/wp-content\/uploads\/2016\/11\/plastic7a-logotipo-smp.png\" class=\"vc_single_image-img attachment-full\" alt=\"\" title=\"plastic7a-logotipo-smp\" \/><\/div>\n\t\t<\/figure>\n\t<\/div>\n<\/div><\/div><\/div><\/div><\/div><\/div><\/div><\/div><\/div><\/div>[\/vc_column][\/vc_row]\n<\/div>","protected":false},"excerpt":{"rendered":"HOCHTECHNOLOGIE F\u00fcr Sie im Einsatz Bei Plastic7A setzen wir modernste Technologien ein, um unsere Produktionsprozesse (Einsatz von Robotik und KI) sowie unsere nicht-produ0ktiven Abl\u00e4ufe (Verwaltung aller Aktivit\u00e4ten mit SAP und KI) zu optimieren und zu st\u00e4rken. Mehr Information WERTSCH\u00d6PFUNG F\u00fcr unsere Kunden Die herausragende Qualit\u00e4t unserer Produkte und Dienstleistungen sowie unsere vollst\u00e4ndige Integration entlang der [...]","protected":false},"author":2,"featured_media":0,"parent":0,"menu_order":10,"comment_status":"closed","ping_status":"closed","template":"","meta":{"footnotes":""},"class_list":["post-5960","page","type-page","status-publish","hentry"],"yoast_head":"<!-- This site is optimized with the Yoast SEO plugin v27.4 - https:\/\/yoast.com\/product\/yoast-seo-wordpress\/ -->\n<title>Home | Plastic 7A<\/title>\n<meta name=\"robots\" content=\"index, follow, max-snippet:-1, max-image-preview:large, max-video-preview:-1\" \/>\n<link rel=\"canonical\" href=\"https:\/\/plastic7a.com\/de\/\" \/>\n<meta property=\"og:locale\" content=\"de_DE\" \/>\n<meta property=\"og:type\" content=\"article\" \/>\n<meta property=\"og:title\" content=\"Home | Plastic 7A\" \/>\n<meta property=\"og:url\" content=\"https:\/\/plastic7a.com\/de\/\" \/>\n<meta property=\"og:site_name\" content=\"Plastic 7A\" \/>\n<meta property=\"article:modified_time\" content=\"2025-12-26T12:08:15+00:00\" \/>\n<meta name=\"twitter:card\" content=\"summary_large_image\" \/>\n<meta name=\"twitter:label1\" content=\"Gesch\u00e4tzte Lesezeit\" \/>\n\t<meta name=\"twitter:data1\" content=\"2\u00a0Minuten\" \/>\n<script type=\"application\/ld+json\" class=\"yoast-schema-graph\">{\"@context\":\"https:\\\/\\\/schema.org\",\"@graph\":[{\"@type\":\"WebPage\",\"@id\":\"https:\\\/\\\/plastic7a.com\\\/de\\\/\",\"url\":\"https:\\\/\\\/plastic7a.com\\\/de\\\/\",\"name\":\"Home | Plastic 7A\",\"isPartOf\":{\"@id\":\"https:\\\/\\\/plastic7a.com\\\/#website\"},\"datePublished\":\"2017-01-10T11:51:11+00:00\",\"dateModified\":\"2025-12-26T12:08:15+00:00\",\"breadcrumb\":{\"@id\":\"https:\\\/\\\/plastic7a.com\\\/de\\\/#breadcrumb\"},\"inLanguage\":\"de\",\"potentialAction\":[{\"@type\":\"ReadAction\",\"target\":[\"https:\\\/\\\/plastic7a.com\\\/de\\\/\"]}]},{\"@type\":\"BreadcrumbList\",\"@id\":\"https:\\\/\\\/plastic7a.com\\\/de\\\/#breadcrumb\",\"itemListElement\":[{\"@type\":\"ListItem\",\"position\":1,\"name\":\"Portada\",\"item\":\"https:\\\/\\\/plastic7a.com\\\/de\\\/\"},{\"@type\":\"ListItem\",\"position\":2,\"name\":\"Home\"}]},{\"@type\":\"WebSite\",\"@id\":\"https:\\\/\\\/plastic7a.com\\\/#website\",\"url\":\"https:\\\/\\\/plastic7a.com\\\/\",\"name\":\"Plastic 7A\",\"description\":\"\",\"publisher\":{\"@id\":\"https:\\\/\\\/plastic7a.com\\\/#organization\"},\"potentialAction\":[{\"@type\":\"SearchAction\",\"target\":{\"@type\":\"EntryPoint\",\"urlTemplate\":\"https:\\\/\\\/plastic7a.com\\\/?s={search_term_string}\"},\"query-input\":{\"@type\":\"PropertyValueSpecification\",\"valueRequired\":true,\"valueName\":\"search_term_string\"}}],\"inLanguage\":\"de\"},{\"@type\":\"Organization\",\"@id\":\"https:\\\/\\\/plastic7a.com\\\/#organization\",\"name\":\"Plastic 7A - Industria automotriz\",\"url\":\"https:\\\/\\\/plastic7a.com\\\/\",\"logo\":{\"@type\":\"ImageObject\",\"inLanguage\":\"de\",\"@id\":\"https:\\\/\\\/plastic7a.com\\\/#\\\/schema\\\/logo\\\/image\\\/\",\"url\":\"https:\\\/\\\/plastic7a.com\\\/wp-content\\\/uploads\\\/2017\\\/01\\\/facebookshare.jpg\",\"contentUrl\":\"https:\\\/\\\/plastic7a.com\\\/wp-content\\\/uploads\\\/2017\\\/01\\\/facebookshare.jpg\",\"width\":1200,\"height\":628,\"caption\":\"Plastic 7A - Industria automotriz\"},\"image\":{\"@id\":\"https:\\\/\\\/plastic7a.com\\\/#\\\/schema\\\/logo\\\/image\\\/\"}}]}<\/script>\n<!-- \/ Yoast SEO plugin. -->","yoast_head_json":{"title":"Home | Plastic 7A","robots":{"index":"index","follow":"follow","max-snippet":"max-snippet:-1","max-image-preview":"max-image-preview:large","max-video-preview":"max-video-preview:-1"},"canonical":"https:\/\/plastic7a.com\/de\/","og_locale":"de_DE","og_type":"article","og_title":"Home | Plastic 7A","og_url":"https:\/\/plastic7a.com\/de\/","og_site_name":"Plastic 7A","article_modified_time":"2025-12-26T12:08:15+00:00","twitter_card":"summary_large_image","twitter_misc":{"Gesch\u00e4tzte Lesezeit":"2\u00a0Minuten"},"schema":{"@context":"https:\/\/schema.org","@graph":[{"@type":"WebPage","@id":"https:\/\/plastic7a.com\/de\/","url":"https:\/\/plastic7a.com\/de\/","name":"Home | Plastic 7A","isPartOf":{"@id":"https:\/\/plastic7a.com\/#website"},"datePublished":"2017-01-10T11:51:11+00:00","dateModified":"2025-12-26T12:08:15+00:00","breadcrumb":{"@id":"https:\/\/plastic7a.com\/de\/#breadcrumb"},"inLanguage":"de","potentialAction":[{"@type":"ReadAction","target":["https:\/\/plastic7a.com\/de\/"]}]},{"@type":"BreadcrumbList","@id":"https:\/\/plastic7a.com\/de\/#breadcrumb","itemListElement":[{"@type":"ListItem","position":1,"name":"Portada","item":"https:\/\/plastic7a.com\/de\/"},{"@type":"ListItem","position":2,"name":"Home"}]},{"@type":"WebSite","@id":"https:\/\/plastic7a.com\/#website","url":"https:\/\/plastic7a.com\/","name":"Plastic 7A","description":"","publisher":{"@id":"https:\/\/plastic7a.com\/#organization"},"potentialAction":[{"@type":"SearchAction","target":{"@type":"EntryPoint","urlTemplate":"https:\/\/plastic7a.com\/?s={search_term_string}"},"query-input":{"@type":"PropertyValueSpecification","valueRequired":true,"valueName":"search_term_string"}}],"inLanguage":"de"},{"@type":"Organization","@id":"https:\/\/plastic7a.com\/#organization","name":"Plastic 7A - Industria automotriz","url":"https:\/\/plastic7a.com\/","logo":{"@type":"ImageObject","inLanguage":"de","@id":"https:\/\/plastic7a.com\/#\/schema\/logo\/image\/","url":"https:\/\/plastic7a.com\/wp-content\/uploads\/2017\/01\/facebookshare.jpg","contentUrl":"https:\/\/plastic7a.com\/wp-content\/uploads\/2017\/01\/facebookshare.jpg","width":1200,"height":628,"caption":"Plastic 7A - Industria automotriz"},"image":{"@id":"https:\/\/plastic7a.com\/#\/schema\/logo\/image\/"}}]}},"_links":{"self":[{"href":"https:\/\/plastic7a.com\/de\/wp-json\/wp\/v2\/pages\/5960","targetHints":{"allow":["GET"]}}],"collection":[{"href":"https:\/\/plastic7a.com\/de\/wp-json\/wp\/v2\/pages"}],"about":[{"href":"https:\/\/plastic7a.com\/de\/wp-json\/wp\/v2\/types\/page"}],"author":[{"embeddable":true,"href":"https:\/\/plastic7a.com\/de\/wp-json\/wp\/v2\/users\/2"}],"replies":[{"embeddable":true,"href":"https:\/\/plastic7a.com\/de\/wp-json\/wp\/v2\/comments?post=5960"}],"version-history":[{"count":3,"href":"https:\/\/plastic7a.com\/de\/wp-json\/wp\/v2\/pages\/5960\/revisions"}],"predecessor-version":[{"id":6896,"href":"https:\/\/plastic7a.com\/de\/wp-json\/wp\/v2\/pages\/5960\/revisions\/6896"}],"wp:attachment":[{"href":"https:\/\/plastic7a.com\/de\/wp-json\/wp\/v2\/media?parent=5960"}],"curies":[{"name":"wp","href":"https:\/\/api.w.org\/{rel}","templated":true}]}}